{"id":65,"date":"2021-09-14T14:27:09","date_gmt":"2021-09-14T12:27:09","guid":{"rendered":"http:\/\/muenter.informatik.rwth-aachen.de\/dbis\/?page_id=65"},"modified":"2025-05-27T15:12:38","modified_gmt":"2025-05-27T13:12:38","slug":"i5","status":"publish","type":"page","link":"https:\/\/dbis.rwth-aachen.de\/dbis\/","title":{"rendered":"Information Systems &#038; Databases"},"content":{"rendered":"\n<div style=\"display:none\">\n\n\n\n<div class=\"wp-block-media-text is-stacked-on-mobile\" style=\"grid-template-columns:25% auto\"><figure class=\"wp-block-media-text__media\"><img loading=\"lazy\" decoding=\"async\" width=\"465\" height=\"600\" src=\"https:\/\/dbis.rwth-aachen.de\/dbis\/wp-content\/uploads\/2024\/03\/jarke.png\" alt=\"\" class=\"wp-image-4856 size-full\" srcset=\"https:\/\/dbis.rwth-aachen.de\/dbis\/wp-content\/uploads\/2024\/03\/jarke.png 465w, https:\/\/dbis.rwth-aachen.de\/dbis\/wp-content\/uploads\/2024\/03\/jarke-233x300.png 233w\" sizes=\"auto, (max-width: 465px) 100vw, 465px\" \/><\/figure><div class=\"wp-block-media-text__content\">\n<h2 class=\"wp-block-heading\"><a href=\"https:\/\/dbis.rwth-aachen.de\/dbis\/index.php\/2024\/der-lehrstuhl-informatik-5-trauert-um-prof-dr-rer-pol-matthias-jarke\/\" data-type=\"post\" data-id=\"4851\">Nachruf auf Prof. Dr. rer.pol. Matthias Jarke<\/a><\/h2>\n\n\n\n<p>Die Fachgruppe Informatik der RWTH Aachen trauert um Herrn Prof. Dr. rer.pol. Matthias Jarke, der am 21.3.2024 im Alter von 71 Jahren viel zu fr\u00fch von uns gegangen ist. Mit ihm verlieren wir eine herausragende Pers\u00f6nlichkeit, die die Entwicklung der Informatik an unserer Universit\u00e4t, in Deutschland und weltweit \u00fcber Jahrzehnte ma\u00dfgeblich gepr\u00e4gt und vorangetrieben hat.<\/p>\n<\/div><\/div>\n\n\n\n<\/div>\n\n\n\n<hr class=\"wp-block-separator has-alpha-channel-opacity\"\/>\n\n\n\n<p>The Chair of Databases and Information Systems (i5) develops methods and technologies to link knowledge and make it applicable. Specifically, our staff works together with the Fraunhofer Institute for Applied Information Technology (of which Prof. Decker is the director) on projects such as the National Research Data Infrastructure, the Cluster of Excellence &#8220;Internet of Production&#8221;, Gaia-X, the Medical Informatics Initiative, and many other projects and infrastructures. Important topics here include knowledge graphs, the Personal Health Train, and machine learning from these graphs, privacy, or how 3D environments can improve learning.<\/p>\n\n\n\n<center>\n<iframe loading=\"lazy\" width=\"560\" height=\"315\" src=\"https:\/\/www.youtube.com\/embed\/dj2Gz96ihuY?si=dgT1VNPSx5OSsHfR\" title=\"YouTube video player\" frameborder=\"0\" allow=\"accelerometer; autoplay; clipboard-write; encrypted-media; gyroscope; picture-in-picture; web-share\" referrerpolicy=\"strict-origin-when-cross-origin\" allowfullscreen><\/iframe>\n<\/center>\n\n\n\n<p>Informatik 5 is headed by <a href=\"https:\/\/dbis.rwth-aachen.de\/dbis\/index.php\/user\/semantics\/\">Prof. Dr. Stefan Decker<\/a>, who also heads the Fraunhofer Institute for Applied Information Technology <a href=\"http:\/\/www.fit.fraunhofer.de\/\">FIT<\/a>. Prof. Decker is also a Scientific Director of the Bonn-Aachen International Center for Information Technology (<a href=\"http:\/\/www.b-it-center.de\/\">B-IT<\/a>). He succeeds the chair&#8217;s founder <a href=\"https:\/\/dbis.rwth-aachen.de\/dbis\/index.php\/user\/jarke\/\">Prof. Dr. Matthias Jarke<\/a> who held the chair from 1991-2021.<\/p>\n\n\n\n<p>Affiliated to Informatik 5 are the teaching and research areas for <a href=\"http:\/\/www.kbsg.rwth-aachen.de\/\">Knowledge-based Systems\/Cognitive Robotics<\/a>(<a href=\"https:\/\/dbis.rwth-aachen.de\/dbis\/index.php\/user\/gerhard\/\">Prof. Gerhard Lakemeyer, Ph.D.<\/a>), Visual Knowledge Management\/<a href=\"http:\/\/www.fit.fraunhofer.de\/en\/fb\/life.html\">Life Science Informatics<\/a> (<a href=\"https:\/\/www.cbmb.ukaachen.de\/prof-dr-thomas-berlage\/\">Prof. Dr. Thomas Berlage<\/a>), <a href=\"http:\/\/www.fit.fraunhofer.de\/en\/fb\/cscw.html\">Cooperation Systems\/CSCW<\/a> (<a href=\"https:\/\/www.fit.fraunhofer.de\/en\/wolfgang-prinz.html\">Prof. Wolfgang Prinz, Ph.D.<\/a>), Media Informatics\/ <a href=\"http:\/\/www.fit.fraunhofer.de\/en\/fb\/risk.html\">Media Processes<\/a> (<a href=\"https:\/\/www.fit.fraunhofer.de\/de\/geschaeftsfelder\/mikrosimulation-und-oekonometrische-datenanalyse\/team\/rose.html\">Prof. Dr. Thomas Rose<\/a>) and Data Stream Management and Analysis (<a href=\"https:\/\/dbis.rwth-aachen.de\/dbis\/index.php\/user\/sgeisler\/\">Prof. Dr. Sandra Geisler<\/a>).<\/p>\n","protected":false},"excerpt":{"rendered":"<p>Nachruf auf Prof. Dr. rer.pol. Matthias Jarke Die Fachgruppe Informatik der RWTH Aachen trauert um Herrn Prof. Dr. rer.pol. Matthias Jarke, der am 21.3.2024 im Alter von 71 Jahren viel zu fr\u00fch von uns gegangen ist. Mit ihm verlieren wir eine herausragende Pers\u00f6nlichkeit, die die Entwicklung der Informatik an unserer Universit\u00e4t, in Deutschland und weltweit [&hellip;]<\/p>\n","protected":false},"author":2,"featured_media":4856,"parent":0,"menu_order":0,"comment_status":"closed","ping_status":"closed","template":"","meta":{"_acf_changed":false,"footnotes":""},"class_list":["post-65","page","type-page","status-publish","has-post-thumbnail","hentry"],"acf":[],"_links":{"self":[{"href":"https:\/\/dbis.rwth-aachen.de\/dbis\/index.php\/wp-json\/wp\/v2\/pages\/65","targetHints":{"allow":["GET"]}}],"collection":[{"href":"https:\/\/dbis.rwth-aachen.de\/dbis\/index.php\/wp-json\/wp\/v2\/pages"}],"about":[{"href":"https:\/\/dbis.rwth-aachen.de\/dbis\/index.php\/wp-json\/wp\/v2\/types\/page"}],"author":[{"embeddable":true,"href":"https:\/\/dbis.rwth-aachen.de\/dbis\/index.php\/wp-json\/wp\/v2\/users\/2"}],"replies":[{"embeddable":true,"href":"https:\/\/dbis.rwth-aachen.de\/dbis\/index.php\/wp-json\/wp\/v2\/comments?post=65"}],"version-history":[{"count":28,"href":"https:\/\/dbis.rwth-aachen.de\/dbis\/index.php\/wp-json\/wp\/v2\/pages\/65\/revisions"}],"predecessor-version":[{"id":6187,"href":"https:\/\/dbis.rwth-aachen.de\/dbis\/index.php\/wp-json\/wp\/v2\/pages\/65\/revisions\/6187"}],"wp:featuredmedia":[{"embeddable":true,"href":"https:\/\/dbis.rwth-aachen.de\/dbis\/index.php\/wp-json\/wp\/v2\/media\/4856"}],"wp:attachment":[{"href":"https:\/\/dbis.rwth-aachen.de\/dbis\/index.php\/wp-json\/wp\/v2\/media?parent=65"}],"curies":[{"name":"wp","href":"https:\/\/api.w.org\/{rel}","templated":true}]}}