{"id":81,"date":"2021-09-14T15:10:07","date_gmt":"2021-09-14T15:10:07","guid":{"rendered":"http:\/\/muenter.informatik.rwth-aachen.de\/dbis\/?page_id=81"},"modified":"2021-12-03T12:40:31","modified_gmt":"2021-12-03T11:40:31","slug":"news","status":"publish","type":"page","link":"https:\/\/dbis.rwth-aachen.de\/dbis\/index.php\/i5\/news\/","title":{"rendered":"News"},"content":{"rendered":"\n<div class=\"lcp_catlist\" id=\"lcp_instance_0\"><p><h4 class=\"lcp_title\"><a href=\"https:\/\/dbis.rwth-aachen.de\/dbis\/index.php\/2026\/final-presentations-research-focus-class-industrial-applications-for-llm-driven-agentic-systems\/\">Final Presentations Research Focus Class: Industrial Applications for LLM-driven Agentic Systems<\/a><\/h4>  7. April 2026<hr class=\"lcp_excerpt\">\nLast Thursday, students of the Research Focus Class Industrial Applications for LLM-driven Agentic Systems gathered to present the results of their semester-long research projects.\n\n\n\n\n\n<\/hr><\/p><p><h4 class=\"lcp_title\"><a href=\"https:\/\/dbis.rwth-aachen.de\/dbis\/index.php\/2025\/inaugural-meeting-of-the-jupiter-ai-factory-jaif\/\">Inaugural Meeting of the JUPITER AI Factory (JAIF)<\/a><\/h4>  19. November 2025<hr class=\"lcp_excerpt\">\nThe JUPITER AI Factory (JAIF) officially kicked off with an inaugural meeting that brought together leading experts and stakeholders in the field of AI and high-performance computing. The event was marked by insightful speeches, a guest lecture, and a lively panel discussion.\n\n<\/hr><\/p><p><h4 class=\"lcp_title\"><a href=\"https:\/\/dbis.rwth-aachen.de\/dbis\/index.php\/2025\/call-for-papers-semantics-in-dataspaces-sds25-eswc-2025\/\">Call for Papers: Semantics in Dataspaces (SDS25) @ESWC 2025<\/a><\/h4>  9. January 2025<hr class=\"lcp_excerpt\">\nYou are cordially invited to contribute to our upcoming workshop, The Third International Workshop on Semantics in Dataspaces (SDS 2025), on 01 or 02 June 2025, to be held in conjunction with ESWC25 in Portoroz, Slovenia. https:\/\/dbis.rwth-aachen.de\/SDS25\n\n\n\n\n\n\n<\/hr><\/p><p><h4 class=\"lcp_title\"><a href=\"https:\/\/dbis.rwth-aachen.de\/dbis\/index.php\/2024\/best-academic-reviewer-award-at-the-ilrn-2024\/\">Best Academic Reviewer Award at the iLRN 2024<\/a><\/h4>  8. July 2024<hr class=\"lcp_excerpt\">\nBenedikt Hensen has been honored for the second year in a row with the \u201cBest Academic Reviewer Award\u201d at the 10th International Conference on the Immersive Learning Research Network (iLRN 2024) which was held at the University of Glasgow in Glasgow, Scotland.\n\n<\/hr><\/p><p><h4 class=\"lcp_title\"><a href=\"https:\/\/dbis.rwth-aachen.de\/dbis\/index.php\/2024\/call-for-papers-llms4mi2024-workshop-in-dubai\/\">Call for Papers: LLMs4MI2024 Workshop in Dubai<\/a><\/h4>  2. July 2024<hr class=\"lcp_excerpt\">\nJoin us at the 1st International Workshop on Large Language Models Applications in Medical Informatics (LLMs4MI2024) to explore the transformative potential of advanced LLMs like GPT-4 in healthcare. Submit your papers to contribute to cutting-edge discussions on leveraging LLMs for clinical decision support, medical literature analysis, predictive analytics, and more.\n\n<\/hr><\/p><p><h4 class=\"lcp_title\"><a href=\"https:\/\/dbis.rwth-aachen.de\/dbis\/index.php\/2024\/der-lehrstuhl-informatik-5-trauert-um-prof-dr-rer-pol-matthias-jarke\/\">Nachruf auf Prof. Dr. rer.pol. Matthias Jarke<\/a><\/h4>  22. March 2024<hr class=\"lcp_excerpt\">\nDie Fachgruppe Informatik der RWTH Aachen trauert um Herrn Prof. Dr. rer.pol. Matthias Jarke, der am 21.3.2024 im Alter von 71\u00a0 Jahren viel zu fr\u00fch von uns gegangen ist. Mit ihm verlieren wir eine herausragende Pers\u00f6nlichkeit, die die Entwicklung der Informatik an unserer Universit\u00e4t, in Deutschland und weltweit \u00fcber Jahrzehnte ma\u00dfgeblich gepr\u00e4gt und vorangetrieben hat.\n\n<\/hr><\/p><p><h4 class=\"lcp_title\"><a href=\"https:\/\/dbis.rwth-aachen.de\/dbis\/index.php\/2023\/special-honorable-mention-at-icwl-2023\/\">Special Honorable Mention at ICWL 2023<\/a><\/h4>  4. December 2023<hr class=\"lcp_excerpt\">\nAlexander Neumann and Aaron Conrardy, from the Chair of Databases and Information Systems at RWTH  Aachen University, have been honored with a &#8220;Special Honorable Mention&#8221; Award at the 22nd International Conference on Web-based Learning (ICWL 2023) held in Sydney, Australia, from November 26th to 28th, 2023.\n\n<\/hr><\/p><p><h4 class=\"lcp_title\"><a href=\"https:\/\/dbis.rwth-aachen.de\/dbis\/index.php\/2023\/best-paper-application-award-at-mis4tel-2023\/\">Best Paper Application Award at MIS4TEL 2023<\/a><\/h4>  31. August 2023<hr class=\"lcp_excerpt\">\nBenedikt Hensen and Konstantin K\u00fchlem have been awarded the \u201cBest Paper Application Award\u201d at the 13th International Conference on Methodologies and Intelligent Systems for Technology Enhanced Learning (MIS4TEL) for their work \u201cCollaborative Learning in Mixed Reality using WebXR and H5P\u201d.\n\n<\/hr><\/p><p><h4 class=\"lcp_title\"><a href=\"https:\/\/dbis.rwth-aachen.de\/dbis\/index.php\/2023\/best-academic-reviewer-award-at-the-ilrn-2023\/\">Best Academic Reviewer Award at the iLRN 2023<\/a><\/h4>  17. August 2023<hr class=\"lcp_excerpt\">\nBenedikt Hensen has been honored with the \u201cBest Academic Reviewer Award\u201d at the 9th International Conference on the Immersive Learning Research Network (iLRN 2023) which was held at the California Polytechnic State University in San Lius Obispo, CA, USA.\n\n<\/hr><\/p><p><h4 class=\"lcp_title\"><a href=\"https:\/\/dbis.rwth-aachen.de\/dbis\/index.php\/2023\/best-paper-award-at-the-2023-european-interdisciplinary-cybersecurity-conference-eicc\/\">Best Paper Award at the 2023 European Interdisciplinary Cybersecurity Conference (EICC)<\/a><\/h4>  28. June 2023<hr class=\"lcp_excerpt\">\nLasse Nitz and Avikarsha Mandal have been awarded the Best Paper Award at the 2023 European Interdisciplinary Cybersecurity Conference in Stavanger, Norway (June 14th &#8211; 15th) for their work &#8220;DGA Detection Using Similarity-Preserving Bloom Encodings&#8221;.\n\n<\/hr><\/p><\/div><ul class='lcp_paginator'><li class='lcp_currentpage'>1<\/li><li><a href='https:\/\/dbis.rwth-aachen.de\/dbis\/index.php\/wp-json\/wp\/v2\/pages\/81?lcp_page0=2#lcp_instance_0' title='2'>2<\/a><\/li><li><a href='https:\/\/dbis.rwth-aachen.de\/dbis\/index.php\/wp-json\/wp\/v2\/pages\/81?lcp_page0=3#lcp_instance_0' title='3'>3<\/a><\/li><li><a href='https:\/\/dbis.rwth-aachen.de\/dbis\/index.php\/wp-json\/wp\/v2\/pages\/81?lcp_page0=2#lcp_instance_0' title='2' class='lcp_nextlink'>&gt;&gt;<\/a><\/li><\/ul>\n","protected":false},"excerpt":{"rendered":"","protected":false},"author":2,"featured_media":0,"parent":65,"menu_order":0,"comment_status":"closed","ping_status":"closed","template":"","meta":{"_acf_changed":false,"footnotes":""},"class_list":["post-81","page","type-page","status-publish","hentry"],"acf":[],"_links":{"self":[{"href":"https:\/\/dbis.rwth-aachen.de\/dbis\/index.php\/wp-json\/wp\/v2\/pages\/81","targetHints":{"allow":["GET"]}}],"collection":[{"href":"https:\/\/dbis.rwth-aachen.de\/dbis\/index.php\/wp-json\/wp\/v2\/pages"}],"about":[{"href":"https:\/\/dbis.rwth-aachen.de\/dbis\/index.php\/wp-json\/wp\/v2\/types\/page"}],"author":[{"embeddable":true,"href":"https:\/\/dbis.rwth-aachen.de\/dbis\/index.php\/wp-json\/wp\/v2\/users\/2"}],"replies":[{"embeddable":true,"href":"https:\/\/dbis.rwth-aachen.de\/dbis\/index.php\/wp-json\/wp\/v2\/comments?post=81"}],"version-history":[{"count":11,"href":"https:\/\/dbis.rwth-aachen.de\/dbis\/index.php\/wp-json\/wp\/v2\/pages\/81\/revisions"}],"predecessor-version":[{"id":824,"href":"https:\/\/dbis.rwth-aachen.de\/dbis\/index.php\/wp-json\/wp\/v2\/pages\/81\/revisions\/824"}],"up":[{"embeddable":true,"href":"https:\/\/dbis.rwth-aachen.de\/dbis\/index.php\/wp-json\/wp\/v2\/pages\/65"}],"wp:attachment":[{"href":"https:\/\/dbis.rwth-aachen.de\/dbis\/index.php\/wp-json\/wp\/v2\/media?parent=81"}],"curies":[{"name":"wp","href":"https:\/\/api.w.org\/{rel}","templated":true}]}}