{"id":96,"date":"2021-11-16T07:42:20","date_gmt":"2021-11-16T07:42:20","guid":{"rendered":"http:\/\/muenter.informatik.rwth-aachen.de\/dbis\/?page_id=96"},"modified":"2022-10-16T18:54:25","modified_gmt":"2022-10-16T16:54:25","slug":"job-offers","status":"publish","type":"page","link":"https:\/\/dbis.rwth-aachen.de\/dbis\/index.php\/i5\/job-offers\/","title":{"rendered":"Job Offers"},"content":{"rendered":"\n<p>These are the current job openings at i5:<\/p>\n\n\n\n<h4 class=\"wp-block-heading\">Staff jobs<\/h4>\n\n\n\n<ul><li><h4 class=\"lcp_title\"><a href=https:\/\/dbis.rwth-aachen.de\/dbis\/index.php\/2021\/wireless-network-developers\/>Wireless network developers<\/a><\/h4><hr>Fraunhofer FIT in cooperation with RWTH is are looking for skilled people interested in taking on the often not only technical task of &#8216;Connecting the Unconnected&#8217;. See https:\/\/wiback.org for more details on our work. Our focus is on &#8216;applied research&#8217;. You can work on your MSc or PhD or simply drive exciting projects forward. But, [&hellip;]<\/li><\/ul>\n\n\n\n\n\n\n\n\n\n\n\n\n\n\n\n<p><\/p>\n\n\n\n<h4 class=\"wp-block-heading\">Student jobs<\/h4>\n\n\n\n<ul><li><h4 class=\"lcp_title\"><a href=https:\/\/dbis.rwth-aachen.de\/dbis\/index.php\/2026\/cloud-edge-data-stream-processing-full-stack-development-hiwi-position\/>Cloud \/ Edge Data Stream Processing Full Stack Development (HiWi Position)<\/a><\/h4><hr>For the upcoming StreamFr\u00f6st Project, we are looking for student assistants to support the development of a Framework to enable cross-organizational Data Stream Processing.<\/li><li><h4 class=\"lcp_title\"><a href=https:\/\/dbis.rwth-aachen.de\/dbis\/index.php\/2022\/hiwi-betreuung-der-datenbanken-und-informationssysteme-vorlesung-und-ubung\/>HiWi Betreuung der Datenbanken und Informationssysteme Vorlesung und \u00dcbung<\/a><\/h4><hr>F\u00fcr das kommende Sommersemester 2026 sucht das Team der &#8220;Datenbanken und Informationssysteme&#8221; Vorlesung Verst\u00e4rkung bei der Vorlesungs- und \u00dcbungsdurchf\u00fchrung f\u00fcr mind. 8 Wochenstunden.<\/li><li><h4 class=\"lcp_title\"><a href=https:\/\/dbis.rwth-aachen.de\/dbis\/index.php\/2023\/hiwi-position-for-westai-project\/>HiWi Position for WestAI Project<\/a><\/h4><hr>Are you creative, committed, and want to gain practical work or research experience in an AI-oriented project? As a participant in the AI service center WestAI project, our team is looking for a student to support our AI research and AI services development.<\/li><li><h4 class=\"lcp_title\"><a href=https:\/\/dbis.rwth-aachen.de\/dbis\/index.php\/2025\/hiwi-position-in-blockchain4datenmarktplatz-nrw-project\/>HiWi Position in Blockchain4DatenMarktplatz.NRW Project<\/a><\/h4><hr>The research project Blockchain4DatenMarktplatz.NRW develops an open-source prototype to enable a blockchain-based business model for the Datenmarktplatz.NRW. The platform provides data scientists with access to IoT data for AI development and integrates real-time IoT streams into AI systems for continuous value creation. The prototype ensures: This fosters trust and efficiency in the marketplace, creating a [&hellip;]<\/li><li><h4 class=\"lcp_title\"><a href=https:\/\/dbis.rwth-aachen.de\/dbis\/index.php\/2023\/intern-m-f-d-in-the-field-of-knowledge-enhanced-large-language-models\/>INTERN (M\/F\/D) in the field of Knowledge-Enhanced Large Language Models<\/a><\/h4><hr>Large Language Models (LLMs), e.g., ChatGPT, show impressive performance in building state-of-the-art applications such as conversational AI assistants. However, LLMs fail unpredictably in knowledge-intensive tasks, i.e., in scenarios where factually correct answers must be guaranteed. Knowledge Graphs (KGs), on the other hand, can represent knowledge as triples and have complementary strengths to LLMs&#8217; weaknesses. As [&hellip;]<\/li><li><h4 class=\"lcp_title\"><a href=https:\/\/dbis.rwth-aachen.de\/dbis\/index.php\/2025\/student-research-assistant-hiwi-position-for-mosaic-project\/>Student Research Assistant (Hiwi) Position for MOSAIC Project<\/a><\/h4><hr>Project Title: MOSAIC \u2013 Malignant cell atlas based On Single-cell trAnscrIptomiCsInstitution: RWTH Aachen University \/ University Hospital RWTH AachenDuration: 12 months<\/li><li><h4 class=\"lcp_title\"><a href=https:\/\/dbis.rwth-aachen.de\/dbis\/index.php\/2025\/studentisch-hilfskraft-m-w-d-im-bereich-der-informatik\/>Studentisch Hilfskraft (M\/W\/D) im Bereich der Informatik<\/a><\/h4><hr>Du bist kreativ, engagiert und hast Lust, neben Deinem Studium praktische Erfahrungen zu sammeln? Du interessierst Dich f\u00fcr das Zusammenspiel von Wissenschaft und Wirtschaft? Dann bewirb Dich jetzt bei uns! Das Fraunhofer-Institut f\u00fcr Angewandte Informationstechnik FIT in Sankt Augustin sucht ab sofort f\u00fcr mind. 12 Monate eine Studentisch Hilfskraft (M\/W\/D) im Bereich der Informatik<\/li><li><h4 class=\"lcp_title\"><a href=https:\/\/dbis.rwth-aachen.de\/dbis\/index.php\/2023\/studentische-hilfskraft-m-w-d-im-bereich-automatisierung-geschaftsprozesse\/>STUDENTISCHE HILFSKRAFT (M\/W\/D) IM BEREICH \u201eAUTOMATISIERUNG GESCH\u00c4FTSPROZESSE\u201c\u00a0<\/a><\/h4><hr>Du bist kreativ, engagiert und hast Lust, neben Deinem Studium praktische Erfahrungen zu sammeln? Du interessierst Dich f\u00fcr das Zusammenspiel von Wissenschaft und Wirtschaft?&nbsp; Dann bewirb Dich jetzt bei uns! Das Fraunhofer-Institut f\u00fcr Angewandte Informationstechnik FIT in Sankt Augustin sucht ab sofort f\u00fcr mind. 6 Monate eine<\/li><li><h4 class=\"lcp_title\"><a href=https:\/\/dbis.rwth-aachen.de\/dbis\/index.php\/2022\/wirtschaftswissenschaftliche-datenanalyse-mit-schwerpunkt-data-science\/>Wirtschaftswissenschaftliche Datenanalyse mit Schwerpunkt Data Science<\/a><\/h4><hr>Du bist kreativ, engagiert und hast Lust, neben Deinem Studium praktische Erfahrungen zu sammeln? Du interessierst Dich f\u00fcr das Zusammenspiel von Wissenschaft und Wirtschaft?<\/li><\/ul>\n\n\n\n\n\n\n\n<p><br><\/p>\n","protected":false},"excerpt":{"rendered":"<p>These are the current job openings at i5: Staff jobs Student jobs<\/p>\n","protected":false},"author":2,"featured_media":0,"parent":65,"menu_order":2,"comment_status":"closed","ping_status":"closed","template":"","meta":{"_acf_changed":false,"footnotes":""},"class_list":["post-96","page","type-page","status-publish","hentry"],"acf":[],"_links":{"self":[{"href":"https:\/\/dbis.rwth-aachen.de\/dbis\/index.php\/wp-json\/wp\/v2\/pages\/96","targetHints":{"allow":["GET"]}}],"collection":[{"href":"https:\/\/dbis.rwth-aachen.de\/dbis\/index.php\/wp-json\/wp\/v2\/pages"}],"about":[{"href":"https:\/\/dbis.rwth-aachen.de\/dbis\/index.php\/wp-json\/wp\/v2\/types\/page"}],"author":[{"embeddable":true,"href":"https:\/\/dbis.rwth-aachen.de\/dbis\/index.php\/wp-json\/wp\/v2\/users\/2"}],"replies":[{"embeddable":true,"href":"https:\/\/dbis.rwth-aachen.de\/dbis\/index.php\/wp-json\/wp\/v2\/comments?post=96"}],"version-history":[{"count":36,"href":"https:\/\/dbis.rwth-aachen.de\/dbis\/index.php\/wp-json\/wp\/v2\/pages\/96\/revisions"}],"predecessor-version":[{"id":2889,"href":"https:\/\/dbis.rwth-aachen.de\/dbis\/index.php\/wp-json\/wp\/v2\/pages\/96\/revisions\/2889"}],"up":[{"embeddable":true,"href":"https:\/\/dbis.rwth-aachen.de\/dbis\/index.php\/wp-json\/wp\/v2\/pages\/65"}],"wp:attachment":[{"href":"https:\/\/dbis.rwth-aachen.de\/dbis\/index.php\/wp-json\/wp\/v2\/media?parent=96"}],"curies":[{"name":"wp","href":"https:\/\/api.w.org\/{rel}","templated":true}]}}